{"id":11,"date":"2025-07-27T22:19:13","date_gmt":"2025-07-27T22:19:13","guid":{"rendered":"https:\/\/omwservices.com\/product\/lectura-de-tarot-personalizada\/"},"modified":"2025-07-27T22:19:13","modified_gmt":"2025-07-27T22:19:13","slug":"lectura-de-tarot-personalizada","status":"publish","type":"product","link":"https:\/\/omwservices.com\/es\/producto\/lectura-de-tarot-personalizada\/","title":{"rendered":"Lectura de Tarot Personalizada"},"content":{"rendered":"<p>Descubre tu futuro con nuestras lecturas de tarot personalizadas. Ofrecemos una visi\u00f3n clara de tus opciones y el impacto de tu pasado en el presente. Nuestros servicios incluyen tarot, or\u00e1culos y barajas espa\u00f1olas, dise\u00f1ados para ayudarte a tomar decisiones informadas. No influimos en tus elecciones, solo te proporcionamos el panorama necesario para que analices tus situaciones y encuentres claridad en tu camino.<\/p>","protected":false},"excerpt":{"rendered":"<p>Descubre tu futuro con nuestras lecturas de tarot personalizadas. Ofrecemos una visi\u00f3n clara de tus opciones y el impacto de tu pasado en el presente. Nuestros servicios incluyen tarot, or\u00e1culos y barajas espa\u00f1olas, dise\u00f1ados para ayudarte a tomar decisiones informadas. No influimos en tus elecciones, solo te proporcionamos el panorama necesario para que analices tus [&hellip;]<\/p>","protected":false},"featured_media":12,"comment_status":"open","ping_status":"closed","template":"","meta":[],"product_brand":[],"product_cat":[],"product_tag":[],"class_list":{"0":"post-11","1":"product","2":"type-product","3":"status-publish","4":"has-post-thumbnail","7":"first","8":"instock","9":"shipping-taxable","10":"purchasable","11":"product-type-simple"},"_links":{"self":[{"href":"https:\/\/omwservices.com\/es\/wp-json\/wp\/v2\/product\/11","targetHints":{"allow":["GET"]}}],"collection":[{"href":"https:\/\/omwservices.com\/es\/wp-json\/wp\/v2\/product"}],"about":[{"href":"https:\/\/omwservices.com\/es\/wp-json\/wp\/v2\/types\/product"}],"replies":[{"embeddable":true,"href":"https:\/\/omwservices.com\/es\/wp-json\/wp\/v2\/comments?post=11"}],"wp:featuredmedia":[{"embeddable":true,"href":"https:\/\/omwservices.com\/es\/wp-json\/wp\/v2\/media\/12"}],"wp:attachment":[{"href":"https:\/\/omwservices.com\/es\/wp-json\/wp\/v2\/media?parent=11"}],"wp:term":[{"taxonomy":"product_brand","embeddable":true,"href":"https:\/\/omwservices.com\/es\/wp-json\/wp\/v2\/product_brand?post=11"},{"taxonomy":"product_cat","embeddable":true,"href":"https:\/\/omwservices.com\/es\/wp-json\/wp\/v2\/product_cat?post=11"},{"taxonomy":"product_tag","embeddable":true,"href":"https:\/\/omwservices.com\/es\/wp-json\/wp\/v2\/product_tag?post=11"}],"curies":[{"name":"wp","href":"https:\/\/api.w.org\/{rel}","templated":true}]}}