{"id":15,"date":"2025-07-27T22:19:14","date_gmt":"2025-07-27T22:19:14","guid":{"rendered":"https:\/\/omwservices.com\/product\/lectura-de-tarot-personalizada-3\/"},"modified":"2025-07-27T22:19:14","modified_gmt":"2025-07-27T22:19:14","slug":"lectura-de-tarot-personalizada-3","status":"publish","type":"product","link":"https:\/\/omwservices.com\/es\/producto\/lectura-de-tarot-personalizada-3\/","title":{"rendered":"Lectura de Tarot Personalizada"},"content":{"rendered":"<p>Descubre tu camino con nuestras lecturas de tarot personalizadas. Ofrecemos una visi\u00f3n clara de tu situaci\u00f3n actual, opciones futuras y la influencia del pasado en tu presente. Nuestros expertos en cartomancia te ayudar\u00e1n a analizar tus decisiones sin influir en ellas, brind\u00e1ndote la informaci\u00f3n necesaria para que tomes acci\u00f3n. Explora las posibilidades que el tarot tiene para ofrecerte y encuentra claridad en tu vida.<\/p>","protected":false},"excerpt":{"rendered":"<p>Descubre tu camino con nuestras lecturas de tarot personalizadas. Ofrecemos una visi\u00f3n clara de tu situaci\u00f3n actual, opciones futuras y la influencia del pasado en tu presente. Nuestros expertos en cartomancia te ayudar\u00e1n a analizar tus decisiones sin influir en ellas, brind\u00e1ndote la informaci\u00f3n necesaria para que tomes acci\u00f3n. Explora las posibilidades que el tarot [&hellip;]<\/p>","protected":false},"featured_media":16,"comment_status":"open","ping_status":"closed","template":"","meta":[],"product_brand":[],"product_cat":[],"product_tag":[],"class_list":{"0":"post-15","1":"product","2":"type-product","3":"status-publish","4":"has-post-thumbnail","7":"first","8":"instock","9":"shipping-taxable","10":"purchasable","11":"product-type-simple"},"_links":{"self":[{"href":"https:\/\/omwservices.com\/es\/wp-json\/wp\/v2\/product\/15","targetHints":{"allow":["GET"]}}],"collection":[{"href":"https:\/\/omwservices.com\/es\/wp-json\/wp\/v2\/product"}],"about":[{"href":"https:\/\/omwservices.com\/es\/wp-json\/wp\/v2\/types\/product"}],"replies":[{"embeddable":true,"href":"https:\/\/omwservices.com\/es\/wp-json\/wp\/v2\/comments?post=15"}],"wp:featuredmedia":[{"embeddable":true,"href":"https:\/\/omwservices.com\/es\/wp-json\/wp\/v2\/media\/16"}],"wp:attachment":[{"href":"https:\/\/omwservices.com\/es\/wp-json\/wp\/v2\/media?parent=15"}],"wp:term":[{"taxonomy":"product_brand","embeddable":true,"href":"https:\/\/omwservices.com\/es\/wp-json\/wp\/v2\/product_brand?post=15"},{"taxonomy":"product_cat","embeddable":true,"href":"https:\/\/omwservices.com\/es\/wp-json\/wp\/v2\/product_cat?post=15"},{"taxonomy":"product_tag","embeddable":true,"href":"https:\/\/omwservices.com\/es\/wp-json\/wp\/v2\/product_tag?post=15"}],"curies":[{"name":"wp","href":"https:\/\/api.w.org\/{rel}","templated":true}]}}