{"id":17,"date":"2025-07-27T22:19:14","date_gmt":"2025-07-27T22:19:14","guid":{"rendered":"https:\/\/omwservices.com\/product\/lectura-de-tarot-personalizada-4\/"},"modified":"2026-04-04T16:19:58","modified_gmt":"2026-04-04T16:19:58","slug":"lectura-de-tarot-personalizada-4","status":"publish","type":"product","link":"https:\/\/omwservices.com\/es\/producto\/lectura-de-tarot-personalizada-4\/","title":{"rendered":"Lectura de Tarot Personalizada"},"content":{"rendered":"<p>Descubre tu camino con nuestras lecturas de tarot personalizadas. Ofrecemos una visi\u00f3n clara de tu situaci\u00f3n actual, opciones futuras y lecciones del pasado. Nuestros expertos en cartomancia utilizan diferentes barajas, incluyendo tarot, or\u00e1culos y el juego espa\u00f1ol, para brindarte una experiencia \u00fanica. Recuerda, nuestro objetivo es ayudarte a analizar tus decisiones sin influir en ellas. \u00a1Explora las posibilidades que te ofrecen las cartas!<\/p>","protected":false},"excerpt":{"rendered":"<p>Descubre tu camino con nuestras lecturas de tarot personalizadas. Ofrecemos una visi\u00f3n clara de tu situaci\u00f3n actual, opciones futuras y lecciones del pasado. Nuestros expertos en cartomancia utilizan diferentes barajas, incluyendo tarot, or\u00e1culos y el juego espa\u00f1ol, para brindarte una experiencia \u00fanica. Recuerda, nuestro objetivo es ayudarte a analizar tus decisiones sin influir en ellas. [&hellip;]<\/p>","protected":false},"featured_media":18,"comment_status":"open","ping_status":"closed","template":"","meta":[],"product_brand":[],"product_cat":[],"product_tag":[],"class_list":{"0":"post-17","1":"product","2":"type-product","3":"status-publish","4":"has-post-thumbnail","7":"first","8":"instock","9":"shipping-taxable","10":"purchasable","11":"product-type-simple"},"_links":{"self":[{"href":"https:\/\/omwservices.com\/es\/wp-json\/wp\/v2\/product\/17","targetHints":{"allow":["GET"]}}],"collection":[{"href":"https:\/\/omwservices.com\/es\/wp-json\/wp\/v2\/product"}],"about":[{"href":"https:\/\/omwservices.com\/es\/wp-json\/wp\/v2\/types\/product"}],"replies":[{"embeddable":true,"href":"https:\/\/omwservices.com\/es\/wp-json\/wp\/v2\/comments?post=17"}],"wp:featuredmedia":[{"embeddable":true,"href":"https:\/\/omwservices.com\/es\/wp-json\/wp\/v2\/media\/18"}],"wp:attachment":[{"href":"https:\/\/omwservices.com\/es\/wp-json\/wp\/v2\/media?parent=17"}],"wp:term":[{"taxonomy":"product_brand","embeddable":true,"href":"https:\/\/omwservices.com\/es\/wp-json\/wp\/v2\/product_brand?post=17"},{"taxonomy":"product_cat","embeddable":true,"href":"https:\/\/omwservices.com\/es\/wp-json\/wp\/v2\/product_cat?post=17"},{"taxonomy":"product_tag","embeddable":true,"href":"https:\/\/omwservices.com\/es\/wp-json\/wp\/v2\/product_tag?post=17"}],"curies":[{"name":"wp","href":"https:\/\/api.w.org\/{rel}","templated":true}]}}