{"id":19,"date":"2025-07-27T22:19:14","date_gmt":"2025-07-27T22:19:14","guid":{"rendered":"https:\/\/omwservices.com\/product\/lectura-de-tarot-personalizada-5\/"},"modified":"2025-07-27T22:19:14","modified_gmt":"2025-07-27T22:19:14","slug":"lectura-de-tarot-personalizada-5","status":"publish","type":"product","link":"https:\/\/omwservices.com\/es\/producto\/lectura-de-tarot-personalizada-5\/","title":{"rendered":"Lectura de Tarot Personalizada"},"content":{"rendered":"<p>Sum\u00e9rgete en una experiencia \u00fanica con nuestra lectura de tarot personalizada. Nuestros expertos en cartomancia te ofrecer\u00e1n una visi\u00f3n clara sobre tu situaci\u00f3n actual, opciones disponibles y c\u00f3mo influencias del pasado pueden estar afectando tu presente. No buscamos influir en tus decisiones, sino proporcionarte una panor\u00e1mica que te ayude a tomar decisiones informadas para tu futuro. Descubre lo que las cartas tienen que decirte.<\/p>","protected":false},"excerpt":{"rendered":"<p>Sum\u00e9rgete en una experiencia \u00fanica con nuestra lectura de tarot personalizada. Nuestros expertos en cartomancia te ofrecer\u00e1n una visi\u00f3n clara sobre tu situaci\u00f3n actual, opciones disponibles y c\u00f3mo influencias del pasado pueden estar afectando tu presente. No buscamos influir en tus decisiones, sino proporcionarte una panor\u00e1mica que te ayude a tomar decisiones informadas para tu [&hellip;]<\/p>","protected":false},"featured_media":20,"comment_status":"open","ping_status":"closed","template":"","meta":[],"product_brand":[],"product_cat":[],"product_tag":[],"class_list":{"0":"post-19","1":"product","2":"type-product","3":"status-publish","4":"has-post-thumbnail","7":"first","8":"instock","9":"shipping-taxable","10":"purchasable","11":"product-type-simple"},"_links":{"self":[{"href":"https:\/\/omwservices.com\/es\/wp-json\/wp\/v2\/product\/19","targetHints":{"allow":["GET"]}}],"collection":[{"href":"https:\/\/omwservices.com\/es\/wp-json\/wp\/v2\/product"}],"about":[{"href":"https:\/\/omwservices.com\/es\/wp-json\/wp\/v2\/types\/product"}],"replies":[{"embeddable":true,"href":"https:\/\/omwservices.com\/es\/wp-json\/wp\/v2\/comments?post=19"}],"wp:featuredmedia":[{"embeddable":true,"href":"https:\/\/omwservices.com\/es\/wp-json\/wp\/v2\/media\/20"}],"wp:attachment":[{"href":"https:\/\/omwservices.com\/es\/wp-json\/wp\/v2\/media?parent=19"}],"wp:term":[{"taxonomy":"product_brand","embeddable":true,"href":"https:\/\/omwservices.com\/es\/wp-json\/wp\/v2\/product_brand?post=19"},{"taxonomy":"product_cat","embeddable":true,"href":"https:\/\/omwservices.com\/es\/wp-json\/wp\/v2\/product_cat?post=19"},{"taxonomy":"product_tag","embeddable":true,"href":"https:\/\/omwservices.com\/es\/wp-json\/wp\/v2\/product_tag?post=19"}],"curies":[{"name":"wp","href":"https:\/\/api.w.org\/{rel}","templated":true}]}}